{"id":8,"date":"2020-08-14T02:36:13","date_gmt":"2020-08-14T02:36:13","guid":{"rendered":"http:\/\/consultoresredes.com\/?page_id=8"},"modified":"2023-01-12T18:52:27","modified_gmt":"2023-01-12T18:52:27","slug":"home","status":"publish","type":"page","link":"http:\/\/consultoresredes.com\/","title":{"rendered":"Home"},"content":{"rendered":"\t\t<div data-elementor-type=\"wp-page\" data-elementor-id=\"8\" class=\"elementor elementor-8\">\n\t\t\t\t\t\t<div class=\"elementor-inner\">\n\t\t\t\t<div class=\"elementor-section-wrap\">\n\t\t\t\t\t\t\t\t\t<section class=\"elementor-section elementor-top-section elementor-element elementor-element-610a10de elementor-section-content-middle elementor-section-full_width elementor-section-height-default elementor-section-height-default\" data-id=\"610a10de\" data-element_type=\"section\">\n\t\t\t\t\t\t<div class=\"elementor-container elementor-column-gap-no\">\n\t\t\t\t\t\t\t<div class=\"elementor-row\">\n\t\t\t\t\t<div class=\"elementor-column elementor-col-100 elementor-top-column elementor-element elementor-element-65e466c3\" data-id=\"65e466c3\" data-element_type=\"column\">\n\t\t\t<div class=\"elementor-column-wrap elementor-element-populated\">\n\t\t\t\t\t\t\t<div class=\"elementor-widget-wrap\">\n\t\t\t\t\t\t<div class=\"elementor-element elementor-element-5fd9aada gallery-spacing-custom elementor-widget elementor-widget-image-gallery\" data-id=\"5fd9aada\" data-element_type=\"widget\" data-widget_type=\"image-gallery.default\">\n\t\t\t\t<div class=\"elementor-widget-container\">\n\t\t\t\t\t<div class=\"elementor-image-gallery\">\n\t\t\t<div id='gallery-1' class='gallery galleryid-8 gallery-columns-1 gallery-size-large'><figure class='gallery-item'>\n\t\t\t<div class='gallery-icon landscape'>\n\t\t\t\t<a data-elementor-open-lightbox=\"yes\" data-elementor-lightbox-slideshow=\"5fd9aada\" data-elementor-lightbox-title=\"estra_seguridad_d\" e-action-hash=\"#elementor-action%3Aaction%3Dlightbox%26settings%3DeyJpZCI6OTQsInVybCI6Imh0dHA6XC9cL2NvbnN1bHRvcmVzcmVkZXMuY29tXC93cC1jb250ZW50XC91cGxvYWRzXC8yMDIzXC8wMVwvZXN0cmFfc2VndXJpZGFkX2QucG5nIiwic2xpZGVzaG93IjoiNWZkOWFhZGEifQ%3D%3D\" href='http:\/\/consultoresredes.com\/wp-content\/uploads\/2023\/01\/estra_seguridad_d.png'><img width=\"1024\" height=\"542\" src=\"http:\/\/consultoresredes.com\/wp-content\/uploads\/2023\/01\/estra_seguridad_d-1024x542.png\" class=\"attachment-large size-large\" alt=\"\" loading=\"lazy\" srcset=\"http:\/\/consultoresredes.com\/wp-content\/uploads\/2023\/01\/estra_seguridad_d-1024x542.png 1024w, http:\/\/consultoresredes.com\/wp-content\/uploads\/2023\/01\/estra_seguridad_d-300x159.png 300w, http:\/\/consultoresredes.com\/wp-content\/uploads\/2023\/01\/estra_seguridad_d-768x407.png 768w, http:\/\/consultoresredes.com\/wp-content\/uploads\/2023\/01\/estra_seguridad_d.png 1480w\" sizes=\"(max-width: 1024px) 100vw, 1024px\" \/><\/a>\n\t\t\t<\/div><\/figure>\n\t\t<\/div>\n\t\t<\/div>\n\t\t\t\t<\/div>\n\t\t\t\t<\/div>\n\t\t\t\t\t\t<\/div>\n\t\t\t\t\t<\/div>\n\t\t<\/div>\n\t\t\t\t\t\t\t\t<\/div>\n\t\t\t\t\t<\/div>\n\t\t<\/section>\n\t\t\t\t<section class=\"elementor-section elementor-top-section elementor-element elementor-element-246a7507 elementor-section-content-middle elementor-section-boxed elementor-section-height-default elementor-section-height-default\" data-id=\"246a7507\" data-element_type=\"section\">\n\t\t\t\t\t\t<div class=\"elementor-container elementor-column-gap-no\">\n\t\t\t\t\t\t\t<div class=\"elementor-row\">\n\t\t\t\t\t<div class=\"elementor-column elementor-col-50 elementor-top-column elementor-element elementor-element-766622fe\" data-id=\"766622fe\" data-element_type=\"column\">\n\t\t\t<div class=\"elementor-column-wrap elementor-element-populated\">\n\t\t\t\t\t\t\t<div class=\"elementor-widget-wrap\">\n\t\t\t\t\t\t<div class=\"elementor-element elementor-element-2b209f22 elementor-widget elementor-widget-image\" data-id=\"2b209f22\" data-element_type=\"widget\" data-widget_type=\"image.default\">\n\t\t\t\t<div class=\"elementor-widget-container\">\n\t\t\t\t\t\t\t\t<div class=\"elementor-image\">\n\t\t\t\t\t\t\t\t\t\t\t\t<img width=\"2107\" height=\"768\" src=\"http:\/\/consultoresredes.com\/wp-content\/uploads\/2020\/08\/Redes-Cloud-01-234x85.jpg\" class=\"attachment-full size-full wp-image-30\" alt=\"\" loading=\"lazy\" srcset=\"http:\/\/consultoresredes.com\/wp-content\/uploads\/2020\/08\/Redes-Cloud-01.jpg 2107w, http:\/\/consultoresredes.com\/wp-content\/uploads\/2020\/08\/Redes-Cloud-01-300x109.jpg 300w, http:\/\/consultoresredes.com\/wp-content\/uploads\/2020\/08\/Redes-Cloud-01-1024x373.jpg 1024w, http:\/\/consultoresredes.com\/wp-content\/uploads\/2020\/08\/Redes-Cloud-01-768x280.jpg 768w, http:\/\/consultoresredes.com\/wp-content\/uploads\/2020\/08\/Redes-Cloud-01-1536x560.jpg 1536w, http:\/\/consultoresredes.com\/wp-content\/uploads\/2020\/08\/Redes-Cloud-01-2048x746.jpg 2048w, http:\/\/consultoresredes.com\/wp-content\/uploads\/2020\/08\/Redes-Cloud-01-234x85.jpg 234w\" sizes=\"(max-width: 2107px) 100vw, 2107px\" \/>\t\t\t\t\t\t\t\t\t\t\t\t\t\t<\/div>\n\t\t\t\t\t\t<\/div>\n\t\t\t\t<\/div>\n\t\t\t\t\t\t<\/div>\n\t\t\t\t\t<\/div>\n\t\t<\/div>\n\t\t\t\t<div class=\"elementor-column elementor-col-50 elementor-top-column elementor-element elementor-element-77b93466\" data-id=\"77b93466\" data-element_type=\"column\">\n\t\t\t<div class=\"elementor-column-wrap elementor-element-populated\">\n\t\t\t\t\t\t\t<div class=\"elementor-widget-wrap\">\n\t\t\t\t\t\t<div class=\"elementor-element elementor-element-5c6d276e elementor-widget elementor-widget-heading\" data-id=\"5c6d276e\" data-element_type=\"widget\" data-widget_type=\"heading.default\">\n\t\t\t\t<div class=\"elementor-widget-container\">\n\t\t\t<h4 class=\"elementor-heading-title elementor-size-default\">About the company<\/h4>\t\t<\/div>\n\t\t\t\t<\/div>\n\t\t\t\t<div class=\"elementor-element elementor-element-4c063233 elementor-widget elementor-widget-text-editor\" data-id=\"4c063233\" data-element_type=\"widget\" data-widget_type=\"text-editor.default\">\n\t\t\t\t<div class=\"elementor-widget-container\">\n\t\t\t\t\t\t\t\t<div class=\"elementor-text-editor elementor-clearfix\">\n\t\t\t\t<p><strong>Somos una empresa de consultor\u00eda con 21 a\u00f1os de experiencia que contribuye con sus clientes a una comunicaci\u00f3n efectiva a trav\u00e9s de procesos de colaboraci\u00f3n.<\/strong><\/p>\n<p><strong>Partners de Cisco y en proceso de onboarding con KnowBe4 l\u00edder en Security Awareness and Training Solutions.&nbsp;<\/strong><\/p>\n<p><strong>ventas@consultoresredes.com<\/strong><\/p>\t\t\t\t\t<\/div>\n\t\t\t\t\t\t<\/div>\n\t\t\t\t<\/div>\n\t\t\t\t\t\t<\/div>\n\t\t\t\t\t<\/div>\n\t\t<\/div>\n\t\t\t\t\t\t\t\t<\/div>\n\t\t\t\t\t<\/div>\n\t\t<\/section>\n\t\t\t\t\t\t\t\t\t<\/div>\n\t\t\t<\/div>\n\t\t\t\t\t<\/div>\n\t\t","protected":false},"excerpt":{"rendered":"<p>About the company Somos una empresa de consultor\u00eda con 21 a\u00f1os de experiencia que contribuye con sus clientes a una comunicaci\u00f3n efectiva a trav\u00e9s de procesos de colaboraci\u00f3n. Partners de Cisco y en proceso de onboarding con KnowBe4 l\u00edder en Security Awareness and Training Solutions.&nbsp; ventas@consultoresredes.com<\/p>\n","protected":false},"author":1,"featured_media":0,"parent":0,"menu_order":0,"comment_status":"closed","ping_status":"closed","template":"","meta":[],"_links":{"self":[{"href":"http:\/\/consultoresredes.com\/index.php?rest_route=\/wp\/v2\/pages\/8"}],"collection":[{"href":"http:\/\/consultoresredes.com\/index.php?rest_route=\/wp\/v2\/pages"}],"about":[{"href":"http:\/\/consultoresredes.com\/index.php?rest_route=\/wp\/v2\/types\/page"}],"author":[{"embeddable":true,"href":"http:\/\/consultoresredes.com\/index.php?rest_route=\/wp\/v2\/users\/1"}],"replies":[{"embeddable":true,"href":"http:\/\/consultoresredes.com\/index.php?rest_route=%2Fwp%2Fv2%2Fcomments&post=8"}],"version-history":[{"count":26,"href":"http:\/\/consultoresredes.com\/index.php?rest_route=\/wp\/v2\/pages\/8\/revisions"}],"predecessor-version":[{"id":97,"href":"http:\/\/consultoresredes.com\/index.php?rest_route=\/wp\/v2\/pages\/8\/revisions\/97"}],"wp:attachment":[{"href":"http:\/\/consultoresredes.com\/index.php?rest_route=%2Fwp%2Fv2%2Fmedia&parent=8"}],"curies":[{"name":"wp","href":"https:\/\/api.w.org\/{rel}","templated":true}]}}